{"id":13474,"date":"2023-02-08T11:48:20","date_gmt":"2023-02-08T11:48:20","guid":{"rendered":"https:\/\/artossportsclub.com\/normativa-reserves\/"},"modified":"2024-12-16T09:22:44","modified_gmt":"2024-12-16T09:22:44","slug":"normativa-reservas","status":"publish","type":"page","link":"https:\/\/artossportsclub.com\/es\/normativa-reservas\/","title":{"rendered":"Normativa reserva de pista de p\u00e1del"},"content":{"rendered":"<div class=\"wpb-content-wrapper\"><p>[vc_row css=\u00bb.vc_custom_1661517417248{margin-top: -20px !important;}\u00bb][vc_column css=\u00bb.vc_custom_1734340901978{margin-bottom: 25px !important;}\u00bb][vc_custom_heading text=\u00bbNormativa reserva de pista de p\u00e1del\u00bb font_container=\u00bbtag:h1|text_align:left\u00bb google_fonts=\u00bbfont_family:Roboto%3A100%2C100italic%2C300%2C300italic%2Cregular%2Citalic%2C500%2C500italic%2C700%2C700italic%2C900%2C900italic|font_style:700%20bold%20regular%3A700%3Anormal\u00bb css=\u00bb.vc_custom_1734340944920{margin-top: 20px !important;margin-bottom: 30px !important;}\u00bb][vc_custom_heading text=\u00bbNormativa general\u00bb font_container=\u00bbtag:h2|font_size:28|text_align:left\u00bb google_fonts=\u00bbfont_family:Roboto%3A100%2C100italic%2C300%2C300italic%2Cregular%2Citalic%2C500%2C500italic%2C700%2C700italic%2C900%2C900italic|font_style:700%20bold%20regular%3A700%3Anormal\u00bb css=\u00bb.vc_custom_1675844356878{margin-bottom: 20px !important;}\u00bb]<div class=\"standard-arrow bullet-top\"><ul>\n<li>La reserva se puede hacer con 48 horas de antelaci\u00f3n como m\u00e1ximo, v\u00eda web o APP.<\/li>\n<li>El pago completo de la pista se realizar\u00e1 obligatoriamente en el momento de la reserva.<\/li>\n<li>Para formalizar la reserva se tendr\u00e1 que anotar el nombre del jugador\/a titular. Se tendr\u00e1 que confirmar la asistencia de todos los jugadores antes de hacer uso de la reserva.<\/li>\n<li>La reserva de pista es de un m\u00e1ximo de 1,5 h\/d\u00eda. Superado este tiempo, se tendr\u00e1 que abonar la cantidad que corresponda seg\u00fan el tiempo de reserva.<\/li>\n<li>El tiempo de reserva de 1,5 h\/d\u00eda ser\u00e1 en caso de ser 4 jugadores. En el caso de ser 2 jugadores, el tiempo m\u00e1ximo ser\u00e1 de 1 hora.<\/li>\n<li>No se permitir\u00e1 tener m\u00e1s de una reserva activa a la vez.<\/li>\n<li>Llegar tarde a la hora de inicio de la reserva no da derecho a finalizarla m\u00e1s tarde. El juego se limitar\u00e1 al tiempo reservado.<\/li>\n<li>Es obligatorio acceder a pistas con ropa y calzado deportivo y con el material espec\u00edfico para la pr\u00e1ctica del p\u00e1del. No se permitir\u00e1 ning\u00fan jugador sin camiseta o con ropa y calzado inadecuado.<\/li>\n<li>La organizaci\u00f3n se reserva el derecho de modificar la pista reservada por la buena organizaci\u00f3n y gesti\u00f3n de reservas.<\/li>\n<li>La direcci\u00f3n de la instalaci\u00f3n determinar\u00e1 si el estado de las pistas es el id\u00f3neo para la pr\u00e1ctica deportiva.<\/li>\n<\/ul>\n<\/div>[vc_column_text]Recuerda que para reservar pista debes de estar registrado\/da. <strong><a href=\"https:\/\/artossportclub.matchpoint.com.es\/Registro.aspx\">Reg\u00edstrate aqu\u00ed.<\/a><\/strong><\/p>\n<p>Para relacionarte con otros jugadores lo puedes hacer desde tu \u00e1rea de cliente. En el men\u00fa de la izquierda, tienes que elegir <em>Mi c\u00edrculo<\/em> y, en la parte inferior, podr\u00e1s buscar jugadores en <em>Buscar m\u00e1s amigos<\/em>. Entonces, puedes indicar el nombre de tu amigo\/a para enviarle una autorizaci\u00f3n. Tu amigo\/a recibir\u00e1 la autorizaci\u00f3n y tendr\u00e1 que aceptar.<\/p>\n<p>Este proceso tambi\u00e9n lo puedes hacer desde el m\u00f3vil, a trav\u00e9s de la app.[\/vc_column_text][vc_custom_heading text=\u00bbAnulaci\u00f3n de reservas\u00bb font_container=\u00bbtag:h2|font_size:28|text_align:left\u00bb google_fonts=\u00bbfont_family:Roboto%3A100%2C100italic%2C300%2C300italic%2Cregular%2Citalic%2C500%2C500italic%2C700%2C700italic%2C900%2C900italic|font_style:700%20bold%20regular%3A700%3Anormal\u00bb css=\u00bb.vc_custom_1675858399659{margin-bottom: 20px !important;}\u00bb]<div class=\"standard-arrow bullet-top\"><ul>\n<li>Si la anulaci\u00f3n se realiza en un tiempo superior a las 4 horas, el importe abonado se devolver\u00e1 al monedero del titular de la reserva.<\/li>\n<li>Si el club anula la reserva el importe abonado se devolver\u00e1 al monedero del titular de la reserva.<\/li>\n<li>En caso de no avisar con un m\u00ednimo de 4 horas de antelaci\u00f3n se har\u00e1 el pago total de la reserva.<\/li>\n<\/ul>\n<\/div>[\/vc_column][\/vc_row]<\/p>\n<\/div>","protected":false},"excerpt":{"rendered":"<p>[vc_row css=\u00bb.vc_custom_1661517417248{margin-top: -20px !important;}\u00bb][vc_column css=\u00bb.vc_custom_1734340901978{margin-bottom: 25px !important;}\u00bb][vc_custom_heading text=\u00bbNormativa reserva de pista de p\u00e1del\u00bb font_container=\u00bbtag:h1|text_align:left\u00bb google_fonts=\u00bbfont_family:Roboto%3A100%2C100italic%2C300%2C300italic%2Cregular%2Citalic%2C500%2C500italic%2C700%2C700italic%2C900%2C900italic|font_style:700%20bold%20regular%3A700%3Anormal\u00bb css=\u00bb.vc_custom_1734340944920{margin-top: 20px !important;margin-bottom: 30px !important;}\u00bb][vc_custom_heading text=\u00bbNormativa general\u00bb font_container=\u00bbtag:h2|font_size:28|text_align:left\u00bb google_fonts=\u00bbfont_family:Roboto%3A100%2C100italic%2C300%2C300italic%2Cregular%2Citalic%2C500%2C500italic%2C700%2C700italic%2C900%2C900italic|font_style:700%20bold%20regular%3A700%3Anormal\u00bb css=\u00bb.vc_custom_1675844356878{margin-bottom: 20px !important;}\u00bb][vc_column_text]Recuerda que para reservar pista debes de estar registrado\/da. Reg\u00edstrate aqu\u00ed. Para relacionarte con otros jugadores lo puedes hacer desde tu \u00e1rea de cliente. En el men\u00fa de la&hellip;<\/p>\n","protected":false},"author":4,"featured_media":0,"parent":0,"menu_order":0,"comment_status":"closed","ping_status":"closed","template":"","meta":{"footnotes":""},"class_list":["post-13474","page","type-page","status-publish","hentry","description-off"],"yoast_head":"<!-- This site is optimized with the Yoast SEO plugin v26.8 - https:\/\/yoast.com\/product\/yoast-seo-wordpress\/ -->\n<title>Normativa reserva de pista de p\u00e0del- Art\u00f3s Sports Club<\/title>\n<meta name=\"description\" content=\"Llegeix la normativa general i la anul\u00b7laci\u00f3 de reserves de p\u00e0del i tenis en aquest enlla\u00e7. Per reservar pista deus estar registrat.\" \/>\n<meta name=\"robots\" content=\"noindex, nofollow\" \/>\n<meta property=\"og:locale\" content=\"es_ES\" \/>\n<meta property=\"og:type\" content=\"article\" \/>\n<meta property=\"og:title\" content=\"Normativa reserva de pista de p\u00e0del- Art\u00f3s Sports Club\" \/>\n<meta property=\"og:description\" content=\"Llegeix la normativa general i la anul\u00b7laci\u00f3 de reserves de p\u00e0del i tenis en aquest enlla\u00e7. Per reservar pista deus estar registrat.\" \/>\n<meta property=\"og:url\" content=\"https:\/\/artossportsclub.com\/es\/normativa-reservas\/\" \/>\n<meta property=\"og:site_name\" content=\"Artos\" \/>\n<meta property=\"article:modified_time\" content=\"2024-12-16T09:22:44+00:00\" \/>\n<meta name=\"twitter:card\" content=\"summary_large_image\" \/>\n<meta name=\"twitter:label1\" content=\"Tiempo de lectura\" \/>\n\t<meta name=\"twitter:data1\" content=\"5 minutos\" \/>\n<script type=\"application\/ld+json\" class=\"yoast-schema-graph\">{\"@context\":\"https:\/\/schema.org\",\"@graph\":[{\"@type\":\"WebPage\",\"@id\":\"https:\/\/artossportsclub.com\/es\/normativa-reservas\/\",\"url\":\"https:\/\/artossportsclub.com\/es\/normativa-reservas\/\",\"name\":\"Normativa reserva de pista de p\u00e0del- Art\u00f3s Sports Club\",\"isPartOf\":{\"@id\":\"https:\/\/artossportsclub.com\/es\/#website\"},\"datePublished\":\"2023-02-08T11:48:20+00:00\",\"dateModified\":\"2024-12-16T09:22:44+00:00\",\"description\":\"Llegeix la normativa general i la anul\u00b7laci\u00f3 de reserves de p\u00e0del i tenis en aquest enlla\u00e7. Per reservar pista deus estar registrat.\",\"breadcrumb\":{\"@id\":\"https:\/\/artossportsclub.com\/es\/normativa-reservas\/#breadcrumb\"},\"inLanguage\":\"es\",\"potentialAction\":[{\"@type\":\"ReadAction\",\"target\":[\"https:\/\/artossportsclub.com\/es\/normativa-reservas\/\"]}]},{\"@type\":\"BreadcrumbList\",\"@id\":\"https:\/\/artossportsclub.com\/es\/normativa-reservas\/#breadcrumb\",\"itemListElement\":[{\"@type\":\"ListItem\",\"position\":1,\"name\":\"Portada\",\"item\":\"https:\/\/artossportsclub.com\/es\/\"},{\"@type\":\"ListItem\",\"position\":2,\"name\":\"Normativa reserva de pista de p\u00e1del\"}]},{\"@type\":\"WebSite\",\"@id\":\"https:\/\/artossportsclub.com\/es\/#website\",\"url\":\"https:\/\/artossportsclub.com\/es\/\",\"name\":\"Artos\",\"description\":\"Art\u00f3s Sports Club - El teu centre de p\u00e0del i tennis a Sarri\u00e0\",\"publisher\":{\"@id\":\"https:\/\/artossportsclub.com\/es\/#organization\"},\"potentialAction\":[{\"@type\":\"SearchAction\",\"target\":{\"@type\":\"EntryPoint\",\"urlTemplate\":\"https:\/\/artossportsclub.com\/es\/?s={search_term_string}\"},\"query-input\":{\"@type\":\"PropertyValueSpecification\",\"valueRequired\":true,\"valueName\":\"search_term_string\"}}],\"inLanguage\":\"es\"},{\"@type\":\"Organization\",\"@id\":\"https:\/\/artossportsclub.com\/es\/#organization\",\"name\":\"Art\u00f3s Sports Club\",\"url\":\"https:\/\/artossportsclub.com\/es\/\",\"logo\":{\"@type\":\"ImageObject\",\"inLanguage\":\"es\",\"@id\":\"https:\/\/artossportsclub.com\/es\/#\/schema\/logo\/image\/\",\"url\":\"https:\/\/artossportsclub.com\/wp-content\/uploads\/sites\/30\/2022\/01\/logo-artos-horitzontal-online-web-desktop.png\",\"contentUrl\":\"https:\/\/artossportsclub.com\/wp-content\/uploads\/sites\/30\/2022\/01\/logo-artos-horitzontal-online-web-desktop.png\",\"width\":210,\"height\":59,\"caption\":\"Art\u00f3s Sports Club\"},\"image\":{\"@id\":\"https:\/\/artossportsclub.com\/es\/#\/schema\/logo\/image\/\"}}]}<\/script>\n<!-- \/ Yoast SEO plugin. -->","yoast_head_json":{"title":"Normativa reserva de pista de p\u00e0del- Art\u00f3s Sports Club","description":"Llegeix la normativa general i la anul\u00b7laci\u00f3 de reserves de p\u00e0del i tenis en aquest enlla\u00e7. Per reservar pista deus estar registrat.","robots":{"index":"noindex","follow":"nofollow"},"og_locale":"es_ES","og_type":"article","og_title":"Normativa reserva de pista de p\u00e0del- Art\u00f3s Sports Club","og_description":"Llegeix la normativa general i la anul\u00b7laci\u00f3 de reserves de p\u00e0del i tenis en aquest enlla\u00e7. Per reservar pista deus estar registrat.","og_url":"https:\/\/artossportsclub.com\/es\/normativa-reservas\/","og_site_name":"Artos","article_modified_time":"2024-12-16T09:22:44+00:00","twitter_card":"summary_large_image","twitter_misc":{"Tiempo de lectura":"5 minutos"},"schema":{"@context":"https:\/\/schema.org","@graph":[{"@type":"WebPage","@id":"https:\/\/artossportsclub.com\/es\/normativa-reservas\/","url":"https:\/\/artossportsclub.com\/es\/normativa-reservas\/","name":"Normativa reserva de pista de p\u00e0del- Art\u00f3s Sports Club","isPartOf":{"@id":"https:\/\/artossportsclub.com\/es\/#website"},"datePublished":"2023-02-08T11:48:20+00:00","dateModified":"2024-12-16T09:22:44+00:00","description":"Llegeix la normativa general i la anul\u00b7laci\u00f3 de reserves de p\u00e0del i tenis en aquest enlla\u00e7. Per reservar pista deus estar registrat.","breadcrumb":{"@id":"https:\/\/artossportsclub.com\/es\/normativa-reservas\/#breadcrumb"},"inLanguage":"es","potentialAction":[{"@type":"ReadAction","target":["https:\/\/artossportsclub.com\/es\/normativa-reservas\/"]}]},{"@type":"BreadcrumbList","@id":"https:\/\/artossportsclub.com\/es\/normativa-reservas\/#breadcrumb","itemListElement":[{"@type":"ListItem","position":1,"name":"Portada","item":"https:\/\/artossportsclub.com\/es\/"},{"@type":"ListItem","position":2,"name":"Normativa reserva de pista de p\u00e1del"}]},{"@type":"WebSite","@id":"https:\/\/artossportsclub.com\/es\/#website","url":"https:\/\/artossportsclub.com\/es\/","name":"Artos","description":"Art\u00f3s Sports Club - El teu centre de p\u00e0del i tennis a Sarri\u00e0","publisher":{"@id":"https:\/\/artossportsclub.com\/es\/#organization"},"potentialAction":[{"@type":"SearchAction","target":{"@type":"EntryPoint","urlTemplate":"https:\/\/artossportsclub.com\/es\/?s={search_term_string}"},"query-input":{"@type":"PropertyValueSpecification","valueRequired":true,"valueName":"search_term_string"}}],"inLanguage":"es"},{"@type":"Organization","@id":"https:\/\/artossportsclub.com\/es\/#organization","name":"Art\u00f3s Sports Club","url":"https:\/\/artossportsclub.com\/es\/","logo":{"@type":"ImageObject","inLanguage":"es","@id":"https:\/\/artossportsclub.com\/es\/#\/schema\/logo\/image\/","url":"https:\/\/artossportsclub.com\/wp-content\/uploads\/sites\/30\/2022\/01\/logo-artos-horitzontal-online-web-desktop.png","contentUrl":"https:\/\/artossportsclub.com\/wp-content\/uploads\/sites\/30\/2022\/01\/logo-artos-horitzontal-online-web-desktop.png","width":210,"height":59,"caption":"Art\u00f3s Sports Club"},"image":{"@id":"https:\/\/artossportsclub.com\/es\/#\/schema\/logo\/image\/"}}]}},"_links":{"self":[{"href":"https:\/\/artossportsclub.com\/es\/wp-json\/wp\/v2\/pages\/13474","targetHints":{"allow":["GET"]}}],"collection":[{"href":"https:\/\/artossportsclub.com\/es\/wp-json\/wp\/v2\/pages"}],"about":[{"href":"https:\/\/artossportsclub.com\/es\/wp-json\/wp\/v2\/types\/page"}],"author":[{"embeddable":true,"href":"https:\/\/artossportsclub.com\/es\/wp-json\/wp\/v2\/users\/4"}],"replies":[{"embeddable":true,"href":"https:\/\/artossportsclub.com\/es\/wp-json\/wp\/v2\/comments?post=13474"}],"version-history":[{"count":0,"href":"https:\/\/artossportsclub.com\/es\/wp-json\/wp\/v2\/pages\/13474\/revisions"}],"wp:attachment":[{"href":"https:\/\/artossportsclub.com\/es\/wp-json\/wp\/v2\/media?parent=13474"}],"curies":[{"name":"wp","href":"https:\/\/api.w.org\/{rel}","templated":true}]}}