{"id":171,"date":"2016-10-23T17:29:07","date_gmt":"2016-10-23T17:29:07","guid":{"rendered":"http:\/\/cdmescuelassananton.cet10.com\/empresas-copy\/"},"modified":"2023-05-11T15:30:33","modified_gmt":"2023-05-11T15:30:33","slug":"trabaja-con-nosotros","status":"publish","type":"page","link":"https:\/\/artossportsclub.com\/es\/trabaja-con-nosotros\/","title":{"rendered":"Trabaja con nosotros"},"content":{"rendered":"<div class=\"wpb-content-wrapper\"><p>[vc_row full_width=\u00bbstretch_row_content_no_spaces\u00bb css=\u00bb.vc_custom_1679996488362{background-image: url(https:\/\/artossportsclub.com\/wp-content\/uploads\/sites\/30\/2023\/03\/artos-treballa-amb-nosaltres.webp?id=13813) !important;background-position: center !important;background-repeat: no-repeat !important;background-size: cover !important;}\u00bb][vc_column offset=\u00bbvc_hidden-lg vc_hidden-md vc_hidden-sm\u00bb css=\u00bb.vc_custom_1678193107420{margin-bottom: -10px !important;}\u00bb][vc_column_text css=\u00bb.vc_custom_1683819024042{padding-top: 68px !important;padding-bottom: 68px !important;}\u00bb]<\/p>\n<p style=\"text-align: center; font-family: Roboto; font-size: 35px; line-height: 40px;\"><span style=\"color: #ffffff;\"><strong>Forma parte del equipo de<br \/>\nArt\u00f3s Sports Club<\/strong><\/span><\/p>\n<p>[\/vc_column_text][\/vc_column][\/vc_row][vc_row full_width=\u00bbstretch_row_content_no_spaces\u00bb css=\u00bb.vc_custom_1679996361061{margin-bottom: 30px !important;background-image: url(https:\/\/artossportsclub.com\/wp-content\/uploads\/sites\/30\/2023\/03\/artos-treballa-amb-nosaltres.webp?id=13813) !important;background-position: center !important;background-repeat: no-repeat !important;background-size: cover !important;}\u00bb][vc_column offset=\u00bbvc_hidden-xs\u00bb][vc_column_text css=\u00bb.vc_custom_1683819031857{padding-top: 153px !important;padding-bottom: 153px !important;}\u00bb]<\/p>\n<h1 style=\"text-align: center; font-family: Roboto; font-size: 50px;\"><span style=\"color: #ffffff;\"><strong>Forma parte del equipo de Art\u00f3s Sports Club <\/strong><\/span><\/h1>\n<p>[\/vc_column_text][\/vc_column][\/vc_row][vc_row css=\u00bb.vc_custom_1661411486431{margin-top: -20px !important;}\u00bb][vc_column width=\u00bb2\/3&#8243;][vc_column_text]Trabaja con nosotros: trabajar en\u00a0Art\u00f3s Sports Club es formar parte de un equipo de gente joven y altamente profesional. Gestionamos un centro de p\u00e1del y f\u00fatbol muy activo, innovador y en constante evoluci\u00f3n.<\/p>\n<p>Si eres t\u00e9cnico en Fitness o Licenciado en Educaci\u00f3n F\u00edsica y quieres formar parte de nuestro equipo, env\u00edanos tu CV y lo tendremos en cuenta para nuestros proyectos.<\/p>\n<p>Valoramos:<\/p>\n<ul class=\"standard-arrow list-divider\"><li><p>Pasi\u00f3n por el deporte<\/p>\n<\/li><li><p>Trabajo en equipo<\/p>\n<\/li><li><p>Profesionalidad, responsabilidad e implicaci\u00f3n<\/p>\n<\/li><\/ul>\n<p>No lo dudes y \u00a1an\u00edmate a formar parte nuestro equipo![\/vc_column_text][\/vc_column][vc_column width=\u00bb1\/3&#8243;][vc_cta h2=\u00bb\u00bb shape=\u00bbsquare\u00bb add_icon=\u00bbleft\u00bb i_icon_fontawesome=\u00bbfa fa-envelope\u00bb i_color=\u00bbcustom\u00bb i_size=\u00bblg\u00bb i_custom_color=\u00bb#575d5e\u00bb css=\u00bb.vc_custom_1661411424483{margin-bottom: 10px !important;}\u00bb]<span style=\"font-size: 14pt;\"><a href=\"mailto:info@artossportsclub.com\">Env\u00edanos\u00a0tu Curr\u00edculum Vitae<\/a>\u00a0y nos pondremos en contacto contigo<\/span>[\/vc_cta][vc_single_image image=\u00bb12273&#8243; img_size=\u00bbfull\u00bb css=\u00bb.vc_custom_1661429786431{margin-top: 20px !important;}\u00bb][\/vc_column][\/vc_row]<\/p>\n<\/div>","protected":false},"excerpt":{"rendered":"<p>[vc_row full_width=\u00bbstretch_row_content_no_spaces\u00bb css=\u00bb.vc_custom_1679996488362{background-image: url(https:\/\/artossportsclub.com\/wp-content\/uploads\/sites\/30\/2023\/03\/artos-treballa-amb-nosaltres.webp?id=13813) !important;background-position: center !important;background-repeat: no-repeat !important;background-size: cover !important;}\u00bb][vc_column offset=\u00bbvc_hidden-lg vc_hidden-md vc_hidden-sm\u00bb css=\u00bb.vc_custom_1678193107420{margin-bottom: -10px !important;}\u00bb][vc_column_text css=\u00bb.vc_custom_1683819024042{padding-top: 68px !important;padding-bottom: 68px !important;}\u00bb] Forma parte del equipo de Art\u00f3s Sports Club [\/vc_column_text][\/vc_column][\/vc_row][vc_row full_width=\u00bbstretch_row_content_no_spaces\u00bb css=\u00bb.vc_custom_1679996361061{margin-bottom: 30px !important;background-image: url(https:\/\/artossportsclub.com\/wp-content\/uploads\/sites\/30\/2023\/03\/artos-treballa-amb-nosaltres.webp?id=13813) !important;background-position: center !important;background-repeat: no-repeat !important;background-size: cover !important;}\u00bb][vc_column offset=\u00bbvc_hidden-xs\u00bb][vc_column_text css=\u00bb.vc_custom_1683819031857{padding-top: 153px !important;padding-bottom: 153px !important;}\u00bb] Forma parte del equipo de Art\u00f3s&hellip;<\/p>\n","protected":false},"author":4,"featured_media":0,"parent":0,"menu_order":0,"comment_status":"closed","ping_status":"closed","template":"","meta":{"footnotes":""},"class_list":["post-171","page","type-page","status-publish","hentry","description-off"],"yoast_head":"<!-- This site is optimized with the Yoast SEO plugin v26.8 - https:\/\/yoast.com\/product\/yoast-seo-wordpress\/ -->\n<title>Trabaja con nosotros - Art\u00f3s Sports Club - P\u00e1del y F\u00fatbol en Sarri\u00e0, Barcelona<\/title>\n<meta name=\"description\" content=\"Si eres t\u00e9cnico en Fitness o Licenciado en Educaci\u00f3n F\u00edsica, no lo pienses m\u00e1s y trabaja con nosotros. Env\u00edanos tu CV a nuestro mail...\" \/>\n<meta name=\"robots\" content=\"index, follow, max-snippet:-1, max-image-preview:large, max-video-preview:-1\" \/>\n<link rel=\"canonical\" href=\"https:\/\/artossportsclub.com\/es\/trabaja-con-nosotros\/\" \/>\n<meta property=\"og:locale\" content=\"es_ES\" \/>\n<meta property=\"og:type\" content=\"article\" \/>\n<meta property=\"og:title\" content=\"Trabaja con nosotros - Art\u00f3s Sports Club - P\u00e1del y F\u00fatbol en Sarri\u00e0, Barcelona\" \/>\n<meta property=\"og:description\" content=\"Si eres t\u00e9cnico en Fitness o Licenciado en Educaci\u00f3n F\u00edsica, no lo pienses m\u00e1s y trabaja con nosotros. Env\u00edanos tu CV a nuestro mail...\" \/>\n<meta property=\"og:url\" content=\"https:\/\/artossportsclub.com\/es\/trabaja-con-nosotros\/\" \/>\n<meta property=\"og:site_name\" content=\"Artos\" \/>\n<meta property=\"article:modified_time\" content=\"2023-05-11T15:30:33+00:00\" \/>\n<meta name=\"twitter:card\" content=\"summary_large_image\" \/>\n<meta name=\"twitter:label1\" content=\"Tiempo de lectura\" \/>\n\t<meta name=\"twitter:data1\" content=\"2 minutos\" \/>\n<script type=\"application\/ld+json\" class=\"yoast-schema-graph\">{\"@context\":\"https:\/\/schema.org\",\"@graph\":[{\"@type\":\"WebPage\",\"@id\":\"https:\/\/artossportsclub.com\/es\/trabaja-con-nosotros\/\",\"url\":\"https:\/\/artossportsclub.com\/es\/trabaja-con-nosotros\/\",\"name\":\"Trabaja con nosotros - Art\u00f3s Sports Club - P\u00e1del y F\u00fatbol en Sarri\u00e0, Barcelona\",\"isPartOf\":{\"@id\":\"https:\/\/artossportsclub.com\/es\/#website\"},\"datePublished\":\"2016-10-23T17:29:07+00:00\",\"dateModified\":\"2023-05-11T15:30:33+00:00\",\"description\":\"Si eres t\u00e9cnico en Fitness o Licenciado en Educaci\u00f3n F\u00edsica, no lo pienses m\u00e1s y trabaja con nosotros. Env\u00edanos tu CV a nuestro mail...\",\"breadcrumb\":{\"@id\":\"https:\/\/artossportsclub.com\/es\/trabaja-con-nosotros\/#breadcrumb\"},\"inLanguage\":\"es\",\"potentialAction\":[{\"@type\":\"ReadAction\",\"target\":[\"https:\/\/artossportsclub.com\/es\/trabaja-con-nosotros\/\"]}]},{\"@type\":\"BreadcrumbList\",\"@id\":\"https:\/\/artossportsclub.com\/es\/trabaja-con-nosotros\/#breadcrumb\",\"itemListElement\":[{\"@type\":\"ListItem\",\"position\":1,\"name\":\"Portada\",\"item\":\"https:\/\/artossportsclub.com\/es\/\"},{\"@type\":\"ListItem\",\"position\":2,\"name\":\"Trabaja con nosotros\"}]},{\"@type\":\"WebSite\",\"@id\":\"https:\/\/artossportsclub.com\/es\/#website\",\"url\":\"https:\/\/artossportsclub.com\/es\/\",\"name\":\"Artos\",\"description\":\"Art\u00f3s Sports Club - El teu centre de p\u00e0del i tennis a Sarri\u00e0\",\"publisher\":{\"@id\":\"https:\/\/artossportsclub.com\/es\/#organization\"},\"potentialAction\":[{\"@type\":\"SearchAction\",\"target\":{\"@type\":\"EntryPoint\",\"urlTemplate\":\"https:\/\/artossportsclub.com\/es\/?s={search_term_string}\"},\"query-input\":{\"@type\":\"PropertyValueSpecification\",\"valueRequired\":true,\"valueName\":\"search_term_string\"}}],\"inLanguage\":\"es\"},{\"@type\":\"Organization\",\"@id\":\"https:\/\/artossportsclub.com\/es\/#organization\",\"name\":\"Art\u00f3s Sports Club\",\"url\":\"https:\/\/artossportsclub.com\/es\/\",\"logo\":{\"@type\":\"ImageObject\",\"inLanguage\":\"es\",\"@id\":\"https:\/\/artossportsclub.com\/es\/#\/schema\/logo\/image\/\",\"url\":\"https:\/\/artossportsclub.com\/wp-content\/uploads\/sites\/30\/2022\/01\/logo-artos-horitzontal-online-web-desktop.png\",\"contentUrl\":\"https:\/\/artossportsclub.com\/wp-content\/uploads\/sites\/30\/2022\/01\/logo-artos-horitzontal-online-web-desktop.png\",\"width\":210,\"height\":59,\"caption\":\"Art\u00f3s Sports Club\"},\"image\":{\"@id\":\"https:\/\/artossportsclub.com\/es\/#\/schema\/logo\/image\/\"}}]}<\/script>\n<!-- \/ Yoast SEO plugin. -->","yoast_head_json":{"title":"Trabaja con nosotros - Art\u00f3s Sports Club - P\u00e1del y F\u00fatbol en Sarri\u00e0, Barcelona","description":"Si eres t\u00e9cnico en Fitness o Licenciado en Educaci\u00f3n F\u00edsica, no lo pienses m\u00e1s y trabaja con nosotros. Env\u00edanos tu CV a nuestro mail...","robots":{"index":"index","follow":"follow","max-snippet":"max-snippet:-1","max-image-preview":"max-image-preview:large","max-video-preview":"max-video-preview:-1"},"canonical":"https:\/\/artossportsclub.com\/es\/trabaja-con-nosotros\/","og_locale":"es_ES","og_type":"article","og_title":"Trabaja con nosotros - Art\u00f3s Sports Club - P\u00e1del y F\u00fatbol en Sarri\u00e0, Barcelona","og_description":"Si eres t\u00e9cnico en Fitness o Licenciado en Educaci\u00f3n F\u00edsica, no lo pienses m\u00e1s y trabaja con nosotros. Env\u00edanos tu CV a nuestro mail...","og_url":"https:\/\/artossportsclub.com\/es\/trabaja-con-nosotros\/","og_site_name":"Artos","article_modified_time":"2023-05-11T15:30:33+00:00","twitter_card":"summary_large_image","twitter_misc":{"Tiempo de lectura":"2 minutos"},"schema":{"@context":"https:\/\/schema.org","@graph":[{"@type":"WebPage","@id":"https:\/\/artossportsclub.com\/es\/trabaja-con-nosotros\/","url":"https:\/\/artossportsclub.com\/es\/trabaja-con-nosotros\/","name":"Trabaja con nosotros - Art\u00f3s Sports Club - P\u00e1del y F\u00fatbol en Sarri\u00e0, Barcelona","isPartOf":{"@id":"https:\/\/artossportsclub.com\/es\/#website"},"datePublished":"2016-10-23T17:29:07+00:00","dateModified":"2023-05-11T15:30:33+00:00","description":"Si eres t\u00e9cnico en Fitness o Licenciado en Educaci\u00f3n F\u00edsica, no lo pienses m\u00e1s y trabaja con nosotros. Env\u00edanos tu CV a nuestro mail...","breadcrumb":{"@id":"https:\/\/artossportsclub.com\/es\/trabaja-con-nosotros\/#breadcrumb"},"inLanguage":"es","potentialAction":[{"@type":"ReadAction","target":["https:\/\/artossportsclub.com\/es\/trabaja-con-nosotros\/"]}]},{"@type":"BreadcrumbList","@id":"https:\/\/artossportsclub.com\/es\/trabaja-con-nosotros\/#breadcrumb","itemListElement":[{"@type":"ListItem","position":1,"name":"Portada","item":"https:\/\/artossportsclub.com\/es\/"},{"@type":"ListItem","position":2,"name":"Trabaja con nosotros"}]},{"@type":"WebSite","@id":"https:\/\/artossportsclub.com\/es\/#website","url":"https:\/\/artossportsclub.com\/es\/","name":"Artos","description":"Art\u00f3s Sports Club - El teu centre de p\u00e0del i tennis a Sarri\u00e0","publisher":{"@id":"https:\/\/artossportsclub.com\/es\/#organization"},"potentialAction":[{"@type":"SearchAction","target":{"@type":"EntryPoint","urlTemplate":"https:\/\/artossportsclub.com\/es\/?s={search_term_string}"},"query-input":{"@type":"PropertyValueSpecification","valueRequired":true,"valueName":"search_term_string"}}],"inLanguage":"es"},{"@type":"Organization","@id":"https:\/\/artossportsclub.com\/es\/#organization","name":"Art\u00f3s Sports Club","url":"https:\/\/artossportsclub.com\/es\/","logo":{"@type":"ImageObject","inLanguage":"es","@id":"https:\/\/artossportsclub.com\/es\/#\/schema\/logo\/image\/","url":"https:\/\/artossportsclub.com\/wp-content\/uploads\/sites\/30\/2022\/01\/logo-artos-horitzontal-online-web-desktop.png","contentUrl":"https:\/\/artossportsclub.com\/wp-content\/uploads\/sites\/30\/2022\/01\/logo-artos-horitzontal-online-web-desktop.png","width":210,"height":59,"caption":"Art\u00f3s Sports Club"},"image":{"@id":"https:\/\/artossportsclub.com\/es\/#\/schema\/logo\/image\/"}}]}},"_links":{"self":[{"href":"https:\/\/artossportsclub.com\/es\/wp-json\/wp\/v2\/pages\/171","targetHints":{"allow":["GET"]}}],"collection":[{"href":"https:\/\/artossportsclub.com\/es\/wp-json\/wp\/v2\/pages"}],"about":[{"href":"https:\/\/artossportsclub.com\/es\/wp-json\/wp\/v2\/types\/page"}],"author":[{"embeddable":true,"href":"https:\/\/artossportsclub.com\/es\/wp-json\/wp\/v2\/users\/4"}],"replies":[{"embeddable":true,"href":"https:\/\/artossportsclub.com\/es\/wp-json\/wp\/v2\/comments?post=171"}],"version-history":[{"count":0,"href":"https:\/\/artossportsclub.com\/es\/wp-json\/wp\/v2\/pages\/171\/revisions"}],"wp:attachment":[{"href":"https:\/\/artossportsclub.com\/es\/wp-json\/wp\/v2\/media?parent=171"}],"curies":[{"name":"wp","href":"https:\/\/api.w.org\/{rel}","templated":true}]}}