{"id":268,"date":"2016-10-27T08:54:57","date_gmt":"2016-10-27T08:54:57","guid":{"rendered":"http:\/\/cdmescuelassananton.cet10.com\/aviso-legal-copy\/"},"modified":"2025-04-28T16:32:26","modified_gmt":"2025-04-28T16:32:26","slug":"mapa-del-sitio","status":"publish","type":"page","link":"https:\/\/artossportsclub.com\/es\/mapa-del-sitio\/","title":{"rendered":"Mapa del sitio"},"content":{"rendered":"<div class=\"wpb-content-wrapper\"><p>[vc_row css=\u00bb.vc_custom_1411479622940{padding-top: 10px !important;padding-bottom: 10px !important;background-color: #ededed !important;background-position: center !important;background-repeat: no-repeat !important;background-size: cover !important;}\u00bb][vc_column width=\u00bb1\/3&#8243;][vc_column_text 0=\u00bb\u00bb]<a href=\"http:\/\/artossportsclub.com\/es\/\">Inicio<\/a><\/p>\n<p><a href=\"https:\/\/artossportsclub.com\/es\/conocenos\/\">Con\u00f3cenos<\/a><\/p>\n<p><a href=\"https:\/\/artossportsclub.com\/es\/padel-barcelona\/\">Reserva de pista p\u00e1del<\/a><\/p>\n<p><a href=\"https:\/\/artossportsclub.com\/es\/campo-de-futbol-sala\/\">Reserva de pista f\u00fatbol<\/a><\/p>\n<p><a href=\"http:\/\/artossportsclub.com\/es\/entrenador-personal\/\">Entrenador personal<\/a><\/p>\n<p><a href=\"https:\/\/artossportsclub.com\/es\/cursos-de-padel-escuela\/\">Escuela de p\u00e1del<\/a><\/p>\n<p><a href=\"https:\/\/artossportsclub.com\/es\/escuela-futbol-sala\/\">Escuela de f\u00fatbol<\/a><\/p>\n<p><a href=\"https:\/\/artossportsclub.com\/es\/calendario-eventos\/\">Calendario de eventos<\/a>[\/vc_column_text][\/vc_column][vc_column width=\u00bb1\/3&#8243;][vc_column_text 0=\u00bb\u00bb]<a href=\"https:\/\/artossportsclub.com\/es\/fiesta-cumpleanos\/\">Fiestas de aniversario<\/a><\/p>\n<p><a href=\"http:\/\/artossportsclub.com\/es\/area-de-clientes\/\">\u00c1rea de clientes<\/a><\/p>\n<p><a href=\"http:\/\/artossportsclub.com\/es\/contacto\/\">Contacto<\/a><\/p>\n<p><a href=\"http:\/\/artossportsclub.com\/es\/trabaja-con-nosotros\/\">Trabaja con nosotros<\/a><\/p>\n<p><a href=\"http:\/\/artossportsclub.com\/es\/aviso-legal\/\">Aviso legal<\/a><\/p>\n<p><a href=\"https:\/\/artossportsclub.com\/es\/politica-privacidad\/\">Pol\u00edtica de privacidad<\/a><\/p>\n<p><a href=\"http:\/\/artossportsclub.com\/es\/politica-de-cookies\/\">Pol\u00edtica de cookies<\/a><\/p>\n<p><a href=\"https:\/\/artossportsclub.com\/politica-de-vendes-i-devolucions\/\">Pol\u00edtica de ventas y devoluciones<\/a>[\/vc_column_text][\/vc_column][vc_column width=\u00bb1\/3&#8243;][vc_single_image image=\u00bb19468&#8243; img_size=\u00bbfull\u00bb][\/vc_column][\/vc_row]<\/p>\n<\/div>","protected":false},"excerpt":{"rendered":"<p>[vc_row css=\u00bb.vc_custom_1411479622940{padding-top: 10px !important;padding-bottom: 10px !important;background-color: #ededed !important;background-position: center !important;background-repeat: no-repeat !important;background-size: cover !important;}\u00bb][vc_column width=\u00bb1\/3&#8243;][vc_column_text 0=\u00bb\u00bb]Inicio Con\u00f3cenos Reserva de pista p\u00e1del Reserva de pista f\u00fatbol Entrenador personal Escuela de p\u00e1del Escuela de f\u00fatbol Calendario de eventos[\/vc_column_text][\/vc_column][vc_column width=\u00bb1\/3&#8243;][vc_column_text 0=\u00bb\u00bb]Fiestas de aniversario \u00c1rea de clientes Contacto Trabaja con nosotros Aviso legal Pol\u00edtica de privacidad Pol\u00edtica de cookies&hellip;<\/p>\n","protected":false},"author":4,"featured_media":0,"parent":0,"menu_order":0,"comment_status":"closed","ping_status":"closed","template":"","meta":{"footnotes":""},"class_list":["post-268","page","type-page","status-publish","hentry","description-off"],"yoast_head":"<!-- This site is optimized with the Yoast SEO plugin v26.8 - https:\/\/yoast.com\/product\/yoast-seo-wordpress\/ -->\n<title>Mapa del sitio - Art\u00f3s Sports Club - P\u00e1del y futbol en Sarri\u00e0<\/title>\n<meta name=\"robots\" content=\"index, nofollow, max-snippet:-1, max-image-preview:large, max-video-preview:-1\" \/>\n<link rel=\"canonical\" href=\"https:\/\/artossportsclub.com\/es\/mapa-del-sitio\/\" \/>\n<meta property=\"og:locale\" content=\"es_ES\" \/>\n<meta property=\"og:type\" content=\"article\" \/>\n<meta property=\"og:title\" content=\"Mapa del sitio - Art\u00f3s Sports Club - P\u00e1del y futbol en Sarri\u00e0\" \/>\n<meta property=\"og:description\" content=\"[vc_row css=\u00bb.vc_custom_1411479622940{padding-top: 10px !important;padding-bottom: 10px !important;background-color: #ededed !important;background-position: center !important;background-repeat: no-repeat !important;background-size: cover !important;}\u00bb][vc_column width=\u00bb1\/3&#8243;][vc_column_text 0=\u00bb\u00bb]Inicio Con\u00f3cenos Reserva de pista p\u00e1del Reserva de pista f\u00fatbol Entrenador personal Escuela de p\u00e1del Escuela de f\u00fatbol Calendario de eventos[\/vc_column_text][\/vc_column][vc_column width=\u00bb1\/3&#8243;][vc_column_text 0=\u00bb\u00bb]Fiestas de aniversario \u00c1rea de clientes Contacto Trabaja con nosotros Aviso legal Pol\u00edtica de privacidad Pol\u00edtica de cookies&hellip;\" \/>\n<meta property=\"og:url\" content=\"https:\/\/artossportsclub.com\/es\/mapa-del-sitio\/\" \/>\n<meta property=\"og:site_name\" content=\"Artos\" \/>\n<meta property=\"article:modified_time\" content=\"2025-04-28T16:32:26+00:00\" \/>\n<meta name=\"twitter:card\" content=\"summary_large_image\" \/>\n<meta name=\"twitter:label1\" content=\"Tiempo de lectura\" \/>\n\t<meta name=\"twitter:data1\" content=\"1 minuto\" \/>\n<script type=\"application\/ld+json\" class=\"yoast-schema-graph\">{\"@context\":\"https:\/\/schema.org\",\"@graph\":[{\"@type\":\"WebPage\",\"@id\":\"https:\/\/artossportsclub.com\/es\/mapa-del-sitio\/\",\"url\":\"https:\/\/artossportsclub.com\/es\/mapa-del-sitio\/\",\"name\":\"Mapa del sitio - Art\u00f3s Sports Club - P\u00e1del y futbol en Sarri\u00e0\",\"isPartOf\":{\"@id\":\"https:\/\/artossportsclub.com\/es\/#website\"},\"datePublished\":\"2016-10-27T08:54:57+00:00\",\"dateModified\":\"2025-04-28T16:32:26+00:00\",\"breadcrumb\":{\"@id\":\"https:\/\/artossportsclub.com\/es\/mapa-del-sitio\/#breadcrumb\"},\"inLanguage\":\"es\",\"potentialAction\":[{\"@type\":\"ReadAction\",\"target\":[\"https:\/\/artossportsclub.com\/es\/mapa-del-sitio\/\"]}]},{\"@type\":\"BreadcrumbList\",\"@id\":\"https:\/\/artossportsclub.com\/es\/mapa-del-sitio\/#breadcrumb\",\"itemListElement\":[{\"@type\":\"ListItem\",\"position\":1,\"name\":\"Portada\",\"item\":\"https:\/\/artossportsclub.com\/es\/\"},{\"@type\":\"ListItem\",\"position\":2,\"name\":\"Mapa del sitio\"}]},{\"@type\":\"WebSite\",\"@id\":\"https:\/\/artossportsclub.com\/es\/#website\",\"url\":\"https:\/\/artossportsclub.com\/es\/\",\"name\":\"Artos\",\"description\":\"Art\u00f3s Sports Club - El teu centre de p\u00e0del i tennis a Sarri\u00e0\",\"publisher\":{\"@id\":\"https:\/\/artossportsclub.com\/es\/#organization\"},\"potentialAction\":[{\"@type\":\"SearchAction\",\"target\":{\"@type\":\"EntryPoint\",\"urlTemplate\":\"https:\/\/artossportsclub.com\/es\/?s={search_term_string}\"},\"query-input\":{\"@type\":\"PropertyValueSpecification\",\"valueRequired\":true,\"valueName\":\"search_term_string\"}}],\"inLanguage\":\"es\"},{\"@type\":\"Organization\",\"@id\":\"https:\/\/artossportsclub.com\/es\/#organization\",\"name\":\"Art\u00f3s Sports Club\",\"url\":\"https:\/\/artossportsclub.com\/es\/\",\"logo\":{\"@type\":\"ImageObject\",\"inLanguage\":\"es\",\"@id\":\"https:\/\/artossportsclub.com\/es\/#\/schema\/logo\/image\/\",\"url\":\"https:\/\/artossportsclub.com\/wp-content\/uploads\/sites\/30\/2022\/01\/logo-artos-horitzontal-online-web-desktop.png\",\"contentUrl\":\"https:\/\/artossportsclub.com\/wp-content\/uploads\/sites\/30\/2022\/01\/logo-artos-horitzontal-online-web-desktop.png\",\"width\":210,\"height\":59,\"caption\":\"Art\u00f3s Sports Club\"},\"image\":{\"@id\":\"https:\/\/artossportsclub.com\/es\/#\/schema\/logo\/image\/\"}}]}<\/script>\n<!-- \/ Yoast SEO plugin. -->","yoast_head_json":{"title":"Mapa del sitio - Art\u00f3s Sports Club - P\u00e1del y futbol en Sarri\u00e0","robots":{"index":"index","follow":"nofollow","max-snippet":"max-snippet:-1","max-image-preview":"max-image-preview:large","max-video-preview":"max-video-preview:-1"},"canonical":"https:\/\/artossportsclub.com\/es\/mapa-del-sitio\/","og_locale":"es_ES","og_type":"article","og_title":"Mapa del sitio - Art\u00f3s Sports Club - P\u00e1del y futbol en Sarri\u00e0","og_description":"[vc_row css=\u00bb.vc_custom_1411479622940{padding-top: 10px !important;padding-bottom: 10px !important;background-color: #ededed !important;background-position: center !important;background-repeat: no-repeat !important;background-size: cover !important;}\u00bb][vc_column width=\u00bb1\/3&#8243;][vc_column_text 0=\u00bb\u00bb]Inicio Con\u00f3cenos Reserva de pista p\u00e1del Reserva de pista f\u00fatbol Entrenador personal Escuela de p\u00e1del Escuela de f\u00fatbol Calendario de eventos[\/vc_column_text][\/vc_column][vc_column width=\u00bb1\/3&#8243;][vc_column_text 0=\u00bb\u00bb]Fiestas de aniversario \u00c1rea de clientes Contacto Trabaja con nosotros Aviso legal Pol\u00edtica de privacidad Pol\u00edtica de cookies&hellip;","og_url":"https:\/\/artossportsclub.com\/es\/mapa-del-sitio\/","og_site_name":"Artos","article_modified_time":"2025-04-28T16:32:26+00:00","twitter_card":"summary_large_image","twitter_misc":{"Tiempo de lectura":"1 minuto"},"schema":{"@context":"https:\/\/schema.org","@graph":[{"@type":"WebPage","@id":"https:\/\/artossportsclub.com\/es\/mapa-del-sitio\/","url":"https:\/\/artossportsclub.com\/es\/mapa-del-sitio\/","name":"Mapa del sitio - Art\u00f3s Sports Club - P\u00e1del y futbol en Sarri\u00e0","isPartOf":{"@id":"https:\/\/artossportsclub.com\/es\/#website"},"datePublished":"2016-10-27T08:54:57+00:00","dateModified":"2025-04-28T16:32:26+00:00","breadcrumb":{"@id":"https:\/\/artossportsclub.com\/es\/mapa-del-sitio\/#breadcrumb"},"inLanguage":"es","potentialAction":[{"@type":"ReadAction","target":["https:\/\/artossportsclub.com\/es\/mapa-del-sitio\/"]}]},{"@type":"BreadcrumbList","@id":"https:\/\/artossportsclub.com\/es\/mapa-del-sitio\/#breadcrumb","itemListElement":[{"@type":"ListItem","position":1,"name":"Portada","item":"https:\/\/artossportsclub.com\/es\/"},{"@type":"ListItem","position":2,"name":"Mapa del sitio"}]},{"@type":"WebSite","@id":"https:\/\/artossportsclub.com\/es\/#website","url":"https:\/\/artossportsclub.com\/es\/","name":"Artos","description":"Art\u00f3s Sports Club - El teu centre de p\u00e0del i tennis a Sarri\u00e0","publisher":{"@id":"https:\/\/artossportsclub.com\/es\/#organization"},"potentialAction":[{"@type":"SearchAction","target":{"@type":"EntryPoint","urlTemplate":"https:\/\/artossportsclub.com\/es\/?s={search_term_string}"},"query-input":{"@type":"PropertyValueSpecification","valueRequired":true,"valueName":"search_term_string"}}],"inLanguage":"es"},{"@type":"Organization","@id":"https:\/\/artossportsclub.com\/es\/#organization","name":"Art\u00f3s Sports Club","url":"https:\/\/artossportsclub.com\/es\/","logo":{"@type":"ImageObject","inLanguage":"es","@id":"https:\/\/artossportsclub.com\/es\/#\/schema\/logo\/image\/","url":"https:\/\/artossportsclub.com\/wp-content\/uploads\/sites\/30\/2022\/01\/logo-artos-horitzontal-online-web-desktop.png","contentUrl":"https:\/\/artossportsclub.com\/wp-content\/uploads\/sites\/30\/2022\/01\/logo-artos-horitzontal-online-web-desktop.png","width":210,"height":59,"caption":"Art\u00f3s Sports Club"},"image":{"@id":"https:\/\/artossportsclub.com\/es\/#\/schema\/logo\/image\/"}}]}},"_links":{"self":[{"href":"https:\/\/artossportsclub.com\/es\/wp-json\/wp\/v2\/pages\/268","targetHints":{"allow":["GET"]}}],"collection":[{"href":"https:\/\/artossportsclub.com\/es\/wp-json\/wp\/v2\/pages"}],"about":[{"href":"https:\/\/artossportsclub.com\/es\/wp-json\/wp\/v2\/types\/page"}],"author":[{"embeddable":true,"href":"https:\/\/artossportsclub.com\/es\/wp-json\/wp\/v2\/users\/4"}],"replies":[{"embeddable":true,"href":"https:\/\/artossportsclub.com\/es\/wp-json\/wp\/v2\/comments?post=268"}],"version-history":[{"count":0,"href":"https:\/\/artossportsclub.com\/es\/wp-json\/wp\/v2\/pages\/268\/revisions"}],"wp:attachment":[{"href":"https:\/\/artossportsclub.com\/es\/wp-json\/wp\/v2\/media?parent=268"}],"curies":[{"name":"wp","href":"https:\/\/api.w.org\/{rel}","templated":true}]}}