{"id":732,"date":"2017-02-27T17:58:14","date_gmt":"2017-02-27T17:58:14","guid":{"rendered":"http:\/\/artos.cet10.com\/?page_id=732"},"modified":"2026-02-03T09:03:36","modified_gmt":"2026-02-03T08:03:36","slug":"area-de-clientes","status":"publish","type":"page","link":"https:\/\/artossportsclub.com\/es\/area-de-clientes\/","title":{"rendered":"\u00c1rea de clientes"},"content":{"rendered":"<div class=\"wpb-content-wrapper\"><p>[vc_row full_width=\u00bbstretch_row_content_no_spaces\u00bb css=\u00bb.vc_custom_1746024536207{background-image: url(https:\/\/artossportsclub.com\/wp-content\/uploads\/sites\/30\/2025\/04\/ART25_Nous-Headers_18B_HEADER-FOOTER-INTERIOR_MOBILE_600-X-600-PX_144-mitja2.webp?id=27597) !important;background-position: center !important;background-repeat: no-repeat !important;background-size: cover !important;}\u00bb][vc_column offset=\u00bbvc_hidden-lg vc_hidden-md vc_hidden-sm\u00bb][vc_column_text css=\u00bb.vc_custom_1683818964590{padding-top: 62px !important;padding-bottom: 62px !important;}\u00bb]<\/p>\n<p style=\"text-align: center; font-family: Roboto; font-size: 35px; line-height: 40px;\"><span style=\"color: #ffffff;\"><strong>\u00c1rea cliente: realiza<br \/>\ntus gestiones online<\/strong><\/span><\/p>\n<p>[\/vc_column_text][\/vc_column][\/vc_row][vc_row full_width=\u00bbstretch_row_content_no_spaces\u00bb css=\u00bb.vc_custom_1746024545992{background-image: url(https:\/\/artossportsclub.com\/wp-content\/uploads\/sites\/30\/2025\/04\/ART25_Nous-Headers_18B_HEADER-FOOTER-INTERIOR_DESKTOP_1210-X-400-PX_144-mitja2.webp?id=27562) !important;background-position: center !important;background-repeat: no-repeat !important;background-size: cover !important;}\u00bb][vc_column offset=\u00bbvc_hidden-xs\u00bb][vc_column_text css=\u00bb.vc_custom_1683818973285{padding-top: 153px !important;padding-bottom: 153px !important;}\u00bb]<\/p>\n<h1 style=\"text-align: center; font-family: Roboto; font-size: 50px;\"><span style=\"color: #ffffff;\"><strong>\u00c1rea cliente: realiza tus gestiones online <\/strong><\/span><\/h1>\n<p>[\/vc_column_text][\/vc_column][\/vc_row][vc_row][vc_column width=\u00bb1\/2&#8243;][vc_column_text css=\u00bb.vc_custom_1675871207536{margin-bottom: 20px !important;}\u00bb]<\/p>\n<div class=\"bottom_frame\">\n<div class=\"container\">\n<div id=\"detail_content\" class=\"col-md-12\">\n<p>Te damos la bienvenida al \u00e1rea de clientes de Art\u00f3s. Antes de entrar en el \u00e1rea de Art\u00f3s Sports Club consulta nuestra normativa.<\/p>\n<p><strong><img decoding=\"async\" src=\"https:\/\/fundaciocet10.org\/admin\/web\/uploaddir\/paginas\/\/tiny\/pdf.png\" alt=\"\" \/> <a href=\"https:\/\/artossportsclub.com\/es\/normativa-reservas\/\">Lee la normativa de reserva de pista.<\/a><\/strong><\/p>\n<\/div>\n<\/div>\n<\/div>\n<p>[\/vc_column_text]<style type=\"text\/css\" data-type=\"the7_shortcodes-inline-css\">#default-btn-91c1a7838fb540090837b51be08bcb16 {\n  border-radius: 0px;\n  font-size: 15px;\n  line-height: 17px;\n}\n.btn-shadow#default-btn-91c1a7838fb540090837b51be08bcb16 {\n  box-shadow: 0 1px 6px rgba(0,0,0,0.12);\n  transition: box-shadow 0.2s ease-out, opacity 0.45s;\n}\n.btn-shadow#default-btn-91c1a7838fb540090837b51be08bcb16:hover {\n  box-shadow: 0 5px 11px 0 rgba(0,0,0,0.18), 0 4px 15px 0 rgba(0,0,0,0.15);\n}\n.btn-3d#default-btn-91c1a7838fb540090837b51be08bcb16 {\n  box-shadow: 0px 2px 0px 0px #ae7013;\n}\n.btn-3d#default-btn-91c1a7838fb540090837b51be08bcb16:hover {\n  box-shadow: 0px 2px 0px 0px #9e6112;\n}\n.btn-flat#default-btn-91c1a7838fb540090837b51be08bcb16 {\n  box-shadow: none;\n}\n.btn-flat#default-btn-91c1a7838fb540090837b51be08bcb16:hover {\n  box-shadow: none;\n}\n#default-btn-91c1a7838fb540090837b51be08bcb16.ico-right-side > i {\n  margin-right: 0px;\n  margin-left: 8px;\n}\n#default-btn-91c1a7838fb540090837b51be08bcb16 > i {\n  margin-right: 8px;\n  font-size: 12px;\n}\n#default-btn-91c1a7838fb540090837b51be08bcb16:not(:hover) {\n  border-width: 0px;\n  color: #ffffff;\n  background: #ff9900 !important;\n  padding: 15px 18px 15px 18px;\n}\n#default-btn-91c1a7838fb540090837b51be08bcb16:not(:hover) * {\n  color: #ffffff;\n}\n#default-btn-91c1a7838fb540090837b51be08bcb16:hover {\n  border-width: 0px;\n  color: #ffffff;\n  background: #ed8600 !important;\n  padding: 15px 18px 15px 18px;\n}\n#default-btn-91c1a7838fb540090837b51be08bcb16:hover * {\n  color: #ffffff;\n}\n#default-btn-91c1a7838fb540090837b51be08bcb16.ico-right-side > i {\n  margin-right: 0px;\n  margin-left: 8px;\n}\n#default-btn-91c1a7838fb540090837b51be08bcb16 > i {\n  margin-right: 8px;\n}<\/style><div class=\"btn-align-center\"><a href=\"https:\/\/artossportclub.matchpoint.com.es\/Login.aspx\" class=\"default-btn-shortcode dt-btn link-hover-off btn-flat  vc_custom_1680098884317\" id=\"default-btn-91c1a7838fb540090837b51be08bcb16\" style=\"width:550px;\"><span>ENTRA EN EL \u00c1REA DE CLIENTES<\/span><\/a><\/div>[vc_empty_space height=\u00bb10px\u00bb][vc_column_text css=\u00bb.vc_custom_1661253820853{padding-top: 30px !important;padding-right: 30px !important;padding-bottom: 30px !important;padding-left: 30px !important;background-color: #f7f7f7 !important;}\u00bb]<\/p>\n<h2>Nota importante<\/h2>\n<p>1. La reserva de pista se puede hacer con <strong>48h de antelaci\u00f3n.<\/strong><br \/>\n2. Si es la primera vez que quieres venir al club ponte en contacto con nosotros en el 931 162 118.[\/vc_column_text][\/vc_column][vc_column width=\u00bb1\/2&#8243;][vc_single_image image=\u00bb904&#8243; img_size=\u00bbfull\u00bb][\/vc_column][\/vc_row][vc_row css=\u00bb.vc_custom_1661334469391{margin-bottom: -20px !important;}\u00bb][vc_column][vc_column_text css=\u00bb.vc_custom_1674722892608{margin-bottom: 22px !important;}\u00bb]<\/p>\n<div class=\"bottom_frame\">\n<div class=\"container\">\n<div id=\"detail_content\" class=\"col-md-12\">Para cualquier duda ll\u00e1manos al 931 162 118 o env\u00edanos un correo electr\u00f3nico a <strong><a href=\"mailto:info@artossportsclub.com\">info@artossportsclub.com.<\/a><\/strong><\/div>\n<\/div>\n<\/div>\n<p>[\/vc_column_text][\/vc_column][\/vc_row]<\/p>\n<\/div>","protected":false},"excerpt":{"rendered":"<p>[vc_row full_width=\u00bbstretch_row_content_no_spaces\u00bb css=\u00bb.vc_custom_1746024536207{background-image: url(https:\/\/artossportsclub.com\/wp-content\/uploads\/sites\/30\/2025\/04\/ART25_Nous-Headers_18B_HEADER-FOOTER-INTERIOR_MOBILE_600-X-600-PX_144-mitja2.webp?id=27597) !important;background-position: center !important;background-repeat: no-repeat !important;background-size: cover !important;}\u00bb][vc_column offset=\u00bbvc_hidden-lg vc_hidden-md vc_hidden-sm\u00bb][vc_column_text css=\u00bb.vc_custom_1683818964590{padding-top: 62px !important;padding-bottom: 62px !important;}\u00bb] \u00c1rea cliente: realiza tus gestiones online [\/vc_column_text][\/vc_column][\/vc_row][vc_row full_width=\u00bbstretch_row_content_no_spaces\u00bb css=\u00bb.vc_custom_1746024545992{background-image: url(https:\/\/artossportsclub.com\/wp-content\/uploads\/sites\/30\/2025\/04\/ART25_Nous-Headers_18B_HEADER-FOOTER-INTERIOR_DESKTOP_1210-X-400-PX_144-mitja2.webp?id=27562) !important;background-position: center !important;background-repeat: no-repeat !important;background-size: cover !important;}\u00bb][vc_column offset=\u00bbvc_hidden-xs\u00bb][vc_column_text css=\u00bb.vc_custom_1683818973285{padding-top: 153px !important;padding-bottom: 153px !important;}\u00bb] \u00c1rea cliente: realiza tus gestiones online [\/vc_column_text][\/vc_column][\/vc_row][vc_row][vc_column width=\u00bb1\/2&#8243;][vc_column_text css=\u00bb.vc_custom_1675871207536{margin-bottom: 20px !important;}\u00bb] Te damos&hellip;<\/p>\n","protected":false},"author":4,"featured_media":0,"parent":0,"menu_order":0,"comment_status":"closed","ping_status":"closed","template":"","meta":{"footnotes":""},"class_list":["post-732","page","type-page","status-publish","hentry","description-off"],"yoast_head":"<!-- This site is optimized with the Yoast SEO plugin v26.8 - https:\/\/yoast.com\/product\/yoast-seo-wordpress\/ -->\n<title>\u00c1rea de clientes - Art\u00f3s Sports Club - Realiza tus gestiones c\u00f3modamente y desde casa<\/title>\n<meta name=\"description\" content=\"\u00c1rea de clientes de Art\u00f3s Sports Club. Reserva tu pista de p\u00e1del, busca partidas abiertas y ap\u00fantate a nuestros campeonatos y actividades. \u00a1Entra!\" \/>\n<meta name=\"robots\" content=\"index, follow, max-snippet:-1, max-image-preview:large, max-video-preview:-1\" \/>\n<link rel=\"canonical\" href=\"https:\/\/artossportsclub.com\/es\/area-de-clientes\/\" \/>\n<meta property=\"og:locale\" content=\"es_ES\" \/>\n<meta property=\"og:type\" content=\"article\" \/>\n<meta property=\"og:title\" content=\"\u00c1rea de clientes - Art\u00f3s Sports Club - Realiza tus gestiones c\u00f3modamente y desde casa\" \/>\n<meta property=\"og:description\" content=\"\u00c1rea de clientes de Art\u00f3s Sports Club. Reserva tu pista de p\u00e1del, busca partidas abiertas y ap\u00fantate a nuestros campeonatos y actividades. \u00a1Entra!\" \/>\n<meta property=\"og:url\" content=\"https:\/\/artossportsclub.com\/es\/area-de-clientes\/\" \/>\n<meta property=\"og:site_name\" content=\"Artos\" \/>\n<meta property=\"article:modified_time\" content=\"2026-02-03T08:03:36+00:00\" \/>\n<meta property=\"og:image\" content=\"https:\/\/fundaciocet10.org\/admin\/web\/uploaddir\/paginas\/\/tiny\/pdf.png\" \/>\n<meta name=\"twitter:card\" content=\"summary_large_image\" \/>\n<meta name=\"twitter:label1\" content=\"Tiempo de lectura\" \/>\n\t<meta name=\"twitter:data1\" content=\"1 minuto\" \/>\n<script type=\"application\/ld+json\" class=\"yoast-schema-graph\">{\"@context\":\"https:\/\/schema.org\",\"@graph\":[{\"@type\":\"WebPage\",\"@id\":\"https:\/\/artossportsclub.com\/es\/area-de-clientes\/\",\"url\":\"https:\/\/artossportsclub.com\/es\/area-de-clientes\/\",\"name\":\"\u00c1rea de clientes - Art\u00f3s Sports Club - Realiza tus gestiones c\u00f3modamente y desde casa\",\"isPartOf\":{\"@id\":\"https:\/\/artossportsclub.com\/es\/#website\"},\"primaryImageOfPage\":{\"@id\":\"https:\/\/artossportsclub.com\/es\/area-de-clientes\/#primaryimage\"},\"image\":{\"@id\":\"https:\/\/artossportsclub.com\/es\/area-de-clientes\/#primaryimage\"},\"thumbnailUrl\":\"https:\/\/fundaciocet10.org\/admin\/web\/uploaddir\/paginas\/\/tiny\/pdf.png\",\"datePublished\":\"2017-02-27T17:58:14+00:00\",\"dateModified\":\"2026-02-03T08:03:36+00:00\",\"description\":\"\u00c1rea de clientes de Art\u00f3s Sports Club. Reserva tu pista de p\u00e1del, busca partidas abiertas y ap\u00fantate a nuestros campeonatos y actividades. \u00a1Entra!\",\"breadcrumb\":{\"@id\":\"https:\/\/artossportsclub.com\/es\/area-de-clientes\/#breadcrumb\"},\"inLanguage\":\"es\",\"potentialAction\":[{\"@type\":\"ReadAction\",\"target\":[\"https:\/\/artossportsclub.com\/es\/area-de-clientes\/\"]}]},{\"@type\":\"ImageObject\",\"inLanguage\":\"es\",\"@id\":\"https:\/\/artossportsclub.com\/es\/area-de-clientes\/#primaryimage\",\"url\":\"https:\/\/fundaciocet10.org\/admin\/web\/uploaddir\/paginas\/\/tiny\/pdf.png\",\"contentUrl\":\"https:\/\/fundaciocet10.org\/admin\/web\/uploaddir\/paginas\/\/tiny\/pdf.png\"},{\"@type\":\"BreadcrumbList\",\"@id\":\"https:\/\/artossportsclub.com\/es\/area-de-clientes\/#breadcrumb\",\"itemListElement\":[{\"@type\":\"ListItem\",\"position\":1,\"name\":\"Portada\",\"item\":\"https:\/\/artossportsclub.com\/es\/\"},{\"@type\":\"ListItem\",\"position\":2,\"name\":\"\u00c1rea de clientes\"}]},{\"@type\":\"WebSite\",\"@id\":\"https:\/\/artossportsclub.com\/es\/#website\",\"url\":\"https:\/\/artossportsclub.com\/es\/\",\"name\":\"Artos\",\"description\":\"Art\u00f3s Sports Club - El teu centre de p\u00e0del i tennis a Sarri\u00e0\",\"publisher\":{\"@id\":\"https:\/\/artossportsclub.com\/es\/#organization\"},\"potentialAction\":[{\"@type\":\"SearchAction\",\"target\":{\"@type\":\"EntryPoint\",\"urlTemplate\":\"https:\/\/artossportsclub.com\/es\/?s={search_term_string}\"},\"query-input\":{\"@type\":\"PropertyValueSpecification\",\"valueRequired\":true,\"valueName\":\"search_term_string\"}}],\"inLanguage\":\"es\"},{\"@type\":\"Organization\",\"@id\":\"https:\/\/artossportsclub.com\/es\/#organization\",\"name\":\"Art\u00f3s Sports Club\",\"url\":\"https:\/\/artossportsclub.com\/es\/\",\"logo\":{\"@type\":\"ImageObject\",\"inLanguage\":\"es\",\"@id\":\"https:\/\/artossportsclub.com\/es\/#\/schema\/logo\/image\/\",\"url\":\"https:\/\/artossportsclub.com\/wp-content\/uploads\/sites\/30\/2022\/01\/logo-artos-horitzontal-online-web-desktop.png\",\"contentUrl\":\"https:\/\/artossportsclub.com\/wp-content\/uploads\/sites\/30\/2022\/01\/logo-artos-horitzontal-online-web-desktop.png\",\"width\":210,\"height\":59,\"caption\":\"Art\u00f3s Sports Club\"},\"image\":{\"@id\":\"https:\/\/artossportsclub.com\/es\/#\/schema\/logo\/image\/\"}}]}<\/script>\n<!-- \/ Yoast SEO plugin. -->","yoast_head_json":{"title":"\u00c1rea de clientes - Art\u00f3s Sports Club - Realiza tus gestiones c\u00f3modamente y desde casa","description":"\u00c1rea de clientes de Art\u00f3s Sports Club. Reserva tu pista de p\u00e1del, busca partidas abiertas y ap\u00fantate a nuestros campeonatos y actividades. \u00a1Entra!","robots":{"index":"index","follow":"follow","max-snippet":"max-snippet:-1","max-image-preview":"max-image-preview:large","max-video-preview":"max-video-preview:-1"},"canonical":"https:\/\/artossportsclub.com\/es\/area-de-clientes\/","og_locale":"es_ES","og_type":"article","og_title":"\u00c1rea de clientes - Art\u00f3s Sports Club - Realiza tus gestiones c\u00f3modamente y desde casa","og_description":"\u00c1rea de clientes de Art\u00f3s Sports Club. Reserva tu pista de p\u00e1del, busca partidas abiertas y ap\u00fantate a nuestros campeonatos y actividades. \u00a1Entra!","og_url":"https:\/\/artossportsclub.com\/es\/area-de-clientes\/","og_site_name":"Artos","article_modified_time":"2026-02-03T08:03:36+00:00","og_image":[{"url":"https:\/\/fundaciocet10.org\/admin\/web\/uploaddir\/paginas\/\/tiny\/pdf.png","type":"","width":"","height":""}],"twitter_card":"summary_large_image","twitter_misc":{"Tiempo de lectura":"1 minuto"},"schema":{"@context":"https:\/\/schema.org","@graph":[{"@type":"WebPage","@id":"https:\/\/artossportsclub.com\/es\/area-de-clientes\/","url":"https:\/\/artossportsclub.com\/es\/area-de-clientes\/","name":"\u00c1rea de clientes - Art\u00f3s Sports Club - Realiza tus gestiones c\u00f3modamente y desde casa","isPartOf":{"@id":"https:\/\/artossportsclub.com\/es\/#website"},"primaryImageOfPage":{"@id":"https:\/\/artossportsclub.com\/es\/area-de-clientes\/#primaryimage"},"image":{"@id":"https:\/\/artossportsclub.com\/es\/area-de-clientes\/#primaryimage"},"thumbnailUrl":"https:\/\/fundaciocet10.org\/admin\/web\/uploaddir\/paginas\/\/tiny\/pdf.png","datePublished":"2017-02-27T17:58:14+00:00","dateModified":"2026-02-03T08:03:36+00:00","description":"\u00c1rea de clientes de Art\u00f3s Sports Club. Reserva tu pista de p\u00e1del, busca partidas abiertas y ap\u00fantate a nuestros campeonatos y actividades. \u00a1Entra!","breadcrumb":{"@id":"https:\/\/artossportsclub.com\/es\/area-de-clientes\/#breadcrumb"},"inLanguage":"es","potentialAction":[{"@type":"ReadAction","target":["https:\/\/artossportsclub.com\/es\/area-de-clientes\/"]}]},{"@type":"ImageObject","inLanguage":"es","@id":"https:\/\/artossportsclub.com\/es\/area-de-clientes\/#primaryimage","url":"https:\/\/fundaciocet10.org\/admin\/web\/uploaddir\/paginas\/\/tiny\/pdf.png","contentUrl":"https:\/\/fundaciocet10.org\/admin\/web\/uploaddir\/paginas\/\/tiny\/pdf.png"},{"@type":"BreadcrumbList","@id":"https:\/\/artossportsclub.com\/es\/area-de-clientes\/#breadcrumb","itemListElement":[{"@type":"ListItem","position":1,"name":"Portada","item":"https:\/\/artossportsclub.com\/es\/"},{"@type":"ListItem","position":2,"name":"\u00c1rea de clientes"}]},{"@type":"WebSite","@id":"https:\/\/artossportsclub.com\/es\/#website","url":"https:\/\/artossportsclub.com\/es\/","name":"Artos","description":"Art\u00f3s Sports Club - El teu centre de p\u00e0del i tennis a Sarri\u00e0","publisher":{"@id":"https:\/\/artossportsclub.com\/es\/#organization"},"potentialAction":[{"@type":"SearchAction","target":{"@type":"EntryPoint","urlTemplate":"https:\/\/artossportsclub.com\/es\/?s={search_term_string}"},"query-input":{"@type":"PropertyValueSpecification","valueRequired":true,"valueName":"search_term_string"}}],"inLanguage":"es"},{"@type":"Organization","@id":"https:\/\/artossportsclub.com\/es\/#organization","name":"Art\u00f3s Sports Club","url":"https:\/\/artossportsclub.com\/es\/","logo":{"@type":"ImageObject","inLanguage":"es","@id":"https:\/\/artossportsclub.com\/es\/#\/schema\/logo\/image\/","url":"https:\/\/artossportsclub.com\/wp-content\/uploads\/sites\/30\/2022\/01\/logo-artos-horitzontal-online-web-desktop.png","contentUrl":"https:\/\/artossportsclub.com\/wp-content\/uploads\/sites\/30\/2022\/01\/logo-artos-horitzontal-online-web-desktop.png","width":210,"height":59,"caption":"Art\u00f3s Sports Club"},"image":{"@id":"https:\/\/artossportsclub.com\/es\/#\/schema\/logo\/image\/"}}]}},"_links":{"self":[{"href":"https:\/\/artossportsclub.com\/es\/wp-json\/wp\/v2\/pages\/732","targetHints":{"allow":["GET"]}}],"collection":[{"href":"https:\/\/artossportsclub.com\/es\/wp-json\/wp\/v2\/pages"}],"about":[{"href":"https:\/\/artossportsclub.com\/es\/wp-json\/wp\/v2\/types\/page"}],"author":[{"embeddable":true,"href":"https:\/\/artossportsclub.com\/es\/wp-json\/wp\/v2\/users\/4"}],"replies":[{"embeddable":true,"href":"https:\/\/artossportsclub.com\/es\/wp-json\/wp\/v2\/comments?post=732"}],"version-history":[{"count":1,"href":"https:\/\/artossportsclub.com\/es\/wp-json\/wp\/v2\/pages\/732\/revisions"}],"predecessor-version":[{"id":32891,"href":"https:\/\/artossportsclub.com\/es\/wp-json\/wp\/v2\/pages\/732\/revisions\/32891"}],"wp:attachment":[{"href":"https:\/\/artossportsclub.com\/es\/wp-json\/wp\/v2\/media?parent=732"}],"curies":[{"name":"wp","href":"https:\/\/api.w.org\/{rel}","templated":true}]}}