{"id":8072,"date":"2021-05-25T13:56:36","date_gmt":"2021-05-25T13:56:36","guid":{"rendered":"https:\/\/artossportsclub.com\/ranking-play\/"},"modified":"2026-03-16T09:31:30","modified_gmt":"2026-03-16T08:31:30","slug":"ranking-play","status":"publish","type":"page","link":"https:\/\/artossportsclub.com\/es\/ranking-play\/","title":{"rendered":"Ranking Play &#8211; Actualiza tu nivel"},"content":{"rendered":"<div class=\"wpb-content-wrapper\"><p>[vc_row full_width=\u00bbstretch_row_content_no_spaces\u00bb css=\u00bb.vc_custom_1746022344770{background-image: url(https:\/\/artossportsclub.com\/wp-content\/uploads\/sites\/30\/2025\/04\/ART25_Nous-Headers_18B_HEADER-FOOTER-INTERIOR_DESKTOP_1210-X-400-PX_144-mitja8.webp?id=27551) !important;background-position: center !important;background-repeat: no-repeat !important;background-size: cover !important;}\u00bb][vc_column offset=\u00bbvc_hidden-xs\u00bb][vc_column_text css=\u00bb.vc_custom_1683819940529{padding-top: 160px !important;padding-bottom: 160px !important;}\u00bb]<\/p>\n<h1 style=\"text-align: center; font-family: Roboto; font-size: 50px;\"><span style=\"color: #ffffff;\"><strong>Ranking play<\/strong><\/span><\/h1>\n<p>[\/vc_column_text][\/vc_column][\/vc_row][vc_row full_width=\u00bbstretch_row_content_no_spaces\u00bb css=\u00bb.vc_custom_1746022353789{margin-top: -20px !important;background-image: url(https:\/\/artossportsclub.com\/wp-content\/uploads\/sites\/30\/2025\/04\/ART25_Nous-Headers_18B_HEADER-FOOTER-INTERIOR_MOBILE_600-X-600-PX_144-mitja8.webp?id=27605) !important;background-position: center !important;background-repeat: no-repeat !important;background-size: cover !important;}\u00bb][vc_column offset=\u00bbvc_hidden-lg vc_hidden-md vc_hidden-sm\u00bb css=\u00bb.vc_custom_1678193107420{margin-bottom: -10px !important;}\u00bb][vc_column_text css=\u00bb.vc_custom_1683819781407{padding-top: 90px !important;padding-bottom: 90px !important;}\u00bb]<\/p>\n<p style=\"text-align: center; font-family: Roboto; font-size: 35px; line-height: 40px;\"><span style=\"color: #ffffff;\"><strong>Ranking play<\/strong><\/span><\/p>\n<p>[\/vc_column_text][\/vc_column][\/vc_row][vc_row css=\u00bb.vc_custom_1683820033309{margin-top: 20px !important;}\u00bb][vc_column width=\u00bb2\/3&#8243; el_class=\u00bblistcampusestiu\u00bb][vc_column_text]Ahora, \u00a1cada partido cuenta!<\/p>\n<p>Llega el Ranking Play, un nuevo <strong>sistema de clasificaci\u00f3n<\/strong> para todos aquellos que juegan partidas abiertas en nuestras pistas. Este sistema permite, de manera autom\u00e1tica, <strong>modificar el nivel de p\u00e1del seg\u00fan los resultados de los partidos.\u00a0<\/strong>[\/vc_column_text][vc_row_inner][vc_column_inner offset=\u00bbvc_hidden-lg vc_hidden-md vc_hidden-sm\u00bb][vc_single_image image=\u00bb8098&#8243; img_size=\u00bbfull\u00bb alignment=\u00bbcenter\u00bb][\/vc_column_inner][\/vc_row_inner][vc_custom_heading text=\u00bb\u00bfC\u00f3mo funciona?\u00bb use_theme_fonts=\u00bbyes\u00bb css=\u00bb.vc_custom_1680017021952{margin-bottom: 15px !important;}\u00bb][vc_column_text css=\u00bb.vc_custom_1622114269031{margin-bottom: 15px !important;}\u00bb]La actualizaci\u00f3n de niveles se realiza de manera diaria y permite <strong>bajar o subir de nivel<\/strong> (de 0,05 a 0,3 puntos) en funci\u00f3n de:[\/vc_column_text]<div class=\"standard-arrow list-divider\"><ul>\n<li>El resultado del partido (ganado o perdido).<\/li>\n<li>El nivel de los\/las rivales.<\/li>\n<li>Si ganas por m\u00e1s diferencia o menos.<\/li>\n<li>Ranking por puntos masculino y femenino.<\/li>\n<\/ul>\n<\/div>[\/vc_column][vc_column width=\u00bb1\/3&#8243; offset=\u00bbvc_hidden-xs\u00bb][vc_single_image image=\u00bb8098&#8243; img_size=\u00bbfull\u00bb alignment=\u00bbcenter\u00bb][\/vc_column][\/vc_row][vc_row][vc_column][vc_custom_heading text=\u00bb\u00bfQu\u00e9 tengo que hacer?\u00bb use_theme_fonts=\u00bbyes\u00bb css=\u00bb.vc_custom_1680017028936{margin-bottom: 15px !important;}\u00bb][vc_column_text css=\u00bb.vc_custom_1622182155315{margin-bottom: 15px !important;}\u00bb]Puedes escoger antes del partido si quieres que la partida sea puntuable o no. Un vez finalices el partido que has jugado, tendr\u00e1s que acceder a tu ficha en el \u00e1rea de cliente de Art\u00f3s Sports Club para introducir el resultado.[\/vc_column_text]<style type=\"text\/css\" data-type=\"the7_shortcodes-inline-css\">#default-btn-34bd768c14aad931b9fc2a803469f55b {\n  border-radius: 50px;\n  font-size: 15px;\n  line-height: 17px;\n}\n.btn-shadow#default-btn-34bd768c14aad931b9fc2a803469f55b {\n  box-shadow: 0 1px 6px rgba(0,0,0,0.12);\n  transition: box-shadow 0.2s ease-out, opacity 0.45s;\n}\n.btn-shadow#default-btn-34bd768c14aad931b9fc2a803469f55b:hover {\n  box-shadow: 0 5px 11px 0 rgba(0,0,0,0.18), 0 4px 15px 0 rgba(0,0,0,0.15);\n}\n.btn-3d#default-btn-34bd768c14aad931b9fc2a803469f55b {\n  box-shadow: 0px 2px 0px 0px #ae7013;\n}\n.btn-3d#default-btn-34bd768c14aad931b9fc2a803469f55b:hover {\n  box-shadow: 0px 2px 0px 0px #9e6112;\n}\n.btn-flat#default-btn-34bd768c14aad931b9fc2a803469f55b {\n  box-shadow: none;\n}\n.btn-flat#default-btn-34bd768c14aad931b9fc2a803469f55b:hover {\n  box-shadow: none;\n}\n#default-btn-34bd768c14aad931b9fc2a803469f55b.ico-right-side > i {\n  margin-right: 0px;\n  margin-left: 8px;\n}\n#default-btn-34bd768c14aad931b9fc2a803469f55b > i {\n  margin-right: 8px;\n  font-size: 12px;\n}\n#default-btn-34bd768c14aad931b9fc2a803469f55b:not(:hover) {\n  border-width: 0px;\n  color: #ffffff;\n  background: #ff9900 !important;\n  padding: 15px 18px 15px 18px;\n}\n#default-btn-34bd768c14aad931b9fc2a803469f55b:not(:hover) * {\n  color: #ffffff;\n}\n#default-btn-34bd768c14aad931b9fc2a803469f55b:hover {\n  border-width: 0px;\n  color: #ffffff;\n  background: #ed8600 !important;\n  padding: 15px 18px 15px 18px;\n}\n#default-btn-34bd768c14aad931b9fc2a803469f55b:hover * {\n  color: #ffffff;\n}\n#default-btn-34bd768c14aad931b9fc2a803469f55b.ico-right-side > i {\n  margin-right: 0px;\n  margin-left: 8px;\n}\n#default-btn-34bd768c14aad931b9fc2a803469f55b > i {\n  margin-right: 8px;\n}<\/style><div class=\"btn-align-center\"><a href=\"https:\/\/artossportsclub.com\/es\/area-de-clientes\/\" class=\"default-btn-shortcode dt-btn link-hover-off btn-flat  vc_custom_1773649883095\" id=\"default-btn-34bd768c14aad931b9fc2a803469f55b\" style=\"width:550px;\"><span>ACCEDE AL \u00c1REA DE CLIENTES AQU\u00cd<\/span><\/a><\/div>[vc_column_text css=\u00bb.vc_custom_1622116718971{margin-top: -15px !important;}\u00bb]\u00bfPreparado\/a para subir de nivel? Planifica la pr\u00f3xima partida abierta y \u00a1actualiza tu ranking![\/vc_column_text][\/vc_column][\/vc_row]<\/p>\n<\/div>","protected":false},"excerpt":{"rendered":"<p>[vc_row full_width=\u00bbstretch_row_content_no_spaces\u00bb css=\u00bb.vc_custom_1746022344770{background-image: url(https:\/\/artossportsclub.com\/wp-content\/uploads\/sites\/30\/2025\/04\/ART25_Nous-Headers_18B_HEADER-FOOTER-INTERIOR_DESKTOP_1210-X-400-PX_144-mitja8.webp?id=27551) !important;background-position: center !important;background-repeat: no-repeat !important;background-size: cover !important;}\u00bb][vc_column offset=\u00bbvc_hidden-xs\u00bb][vc_column_text css=\u00bb.vc_custom_1683819940529{padding-top: 160px !important;padding-bottom: 160px !important;}\u00bb] Ranking play [\/vc_column_text][\/vc_column][\/vc_row][vc_row full_width=\u00bbstretch_row_content_no_spaces\u00bb css=\u00bb.vc_custom_1746022353789{margin-top: -20px !important;background-image: url(https:\/\/artossportsclub.com\/wp-content\/uploads\/sites\/30\/2025\/04\/ART25_Nous-Headers_18B_HEADER-FOOTER-INTERIOR_MOBILE_600-X-600-PX_144-mitja8.webp?id=27605) !important;background-position: center !important;background-repeat: no-repeat !important;background-size: cover !important;}\u00bb][vc_column offset=\u00bbvc_hidden-lg vc_hidden-md vc_hidden-sm\u00bb css=\u00bb.vc_custom_1678193107420{margin-bottom: -10px !important;}\u00bb][vc_column_text css=\u00bb.vc_custom_1683819781407{padding-top: 90px !important;padding-bottom: 90px !important;}\u00bb] Ranking play [\/vc_column_text][\/vc_column][\/vc_row][vc_row css=\u00bb.vc_custom_1683820033309{margin-top: 20px !important;}\u00bb][vc_column width=\u00bb2\/3&#8243; el_class=\u00bblistcampusestiu\u00bb][vc_column_text]Ahora, \u00a1cada partido cuenta! Llega&hellip;<\/p>\n","protected":false},"author":4,"featured_media":0,"parent":0,"menu_order":0,"comment_status":"closed","ping_status":"closed","template":"","meta":{"footnotes":""},"class_list":["post-8072","page","type-page","status-publish","hentry","description-off"],"yoast_head":"<!-- This site is optimized with the Yoast SEO plugin v26.8 - https:\/\/yoast.com\/product\/yoast-seo-wordpress\/ -->\n<title>Ranking Play - Ahora, cada partido cuenta! - Art\u00f3s Sports Club<\/title>\n<meta name=\"description\" content=\"Llega el Ranking Play, un nuevo sistema de clasificaci\u00f3n para todos aquellos que quieran jugar partidas abiertas en nuestras pistas.\" \/>\n<meta name=\"robots\" content=\"index, follow, max-snippet:-1, max-image-preview:large, max-video-preview:-1\" \/>\n<link rel=\"canonical\" href=\"https:\/\/artossportsclub.com\/es\/ranking-play\/\" \/>\n<meta property=\"og:locale\" content=\"es_ES\" \/>\n<meta property=\"og:type\" content=\"article\" \/>\n<meta property=\"og:title\" content=\"Ranking Play - Ahora, cada partido cuenta! - Art\u00f3s Sports Club\" \/>\n<meta property=\"og:description\" content=\"Llega el Ranking Play, un nuevo sistema de clasificaci\u00f3n para todos aquellos que quieran jugar partidas abiertas en nuestras pistas.\" \/>\n<meta property=\"og:url\" content=\"https:\/\/artossportsclub.com\/es\/ranking-play\/\" \/>\n<meta property=\"og:site_name\" content=\"Artos\" \/>\n<meta property=\"article:modified_time\" content=\"2026-03-16T08:31:30+00:00\" \/>\n<meta name=\"twitter:card\" content=\"summary_large_image\" \/>\n<meta name=\"twitter:label1\" content=\"Tiempo de lectura\" \/>\n\t<meta name=\"twitter:data1\" content=\"1 minuto\" \/>\n<script type=\"application\/ld+json\" class=\"yoast-schema-graph\">{\"@context\":\"https:\/\/schema.org\",\"@graph\":[{\"@type\":\"WebPage\",\"@id\":\"https:\/\/artossportsclub.com\/es\/ranking-play\/\",\"url\":\"https:\/\/artossportsclub.com\/es\/ranking-play\/\",\"name\":\"Ranking Play - Ahora, cada partido cuenta! - Art\u00f3s Sports Club\",\"isPartOf\":{\"@id\":\"https:\/\/artossportsclub.com\/es\/#website\"},\"datePublished\":\"2021-05-25T13:56:36+00:00\",\"dateModified\":\"2026-03-16T08:31:30+00:00\",\"description\":\"Llega el Ranking Play, un nuevo sistema de clasificaci\u00f3n para todos aquellos que quieran jugar partidas abiertas en nuestras pistas.\",\"breadcrumb\":{\"@id\":\"https:\/\/artossportsclub.com\/es\/ranking-play\/#breadcrumb\"},\"inLanguage\":\"es\",\"potentialAction\":[{\"@type\":\"ReadAction\",\"target\":[\"https:\/\/artossportsclub.com\/es\/ranking-play\/\"]}]},{\"@type\":\"BreadcrumbList\",\"@id\":\"https:\/\/artossportsclub.com\/es\/ranking-play\/#breadcrumb\",\"itemListElement\":[{\"@type\":\"ListItem\",\"position\":1,\"name\":\"Portada\",\"item\":\"https:\/\/artossportsclub.com\/es\/\"},{\"@type\":\"ListItem\",\"position\":2,\"name\":\"Ranking Play &#8211; Actualiza tu nivel\"}]},{\"@type\":\"WebSite\",\"@id\":\"https:\/\/artossportsclub.com\/es\/#website\",\"url\":\"https:\/\/artossportsclub.com\/es\/\",\"name\":\"Artos\",\"description\":\"Art\u00f3s Sports Club - El teu centre de p\u00e0del i tennis a Sarri\u00e0\",\"publisher\":{\"@id\":\"https:\/\/artossportsclub.com\/es\/#organization\"},\"potentialAction\":[{\"@type\":\"SearchAction\",\"target\":{\"@type\":\"EntryPoint\",\"urlTemplate\":\"https:\/\/artossportsclub.com\/es\/?s={search_term_string}\"},\"query-input\":{\"@type\":\"PropertyValueSpecification\",\"valueRequired\":true,\"valueName\":\"search_term_string\"}}],\"inLanguage\":\"es\"},{\"@type\":\"Organization\",\"@id\":\"https:\/\/artossportsclub.com\/es\/#organization\",\"name\":\"Art\u00f3s Sports Club\",\"url\":\"https:\/\/artossportsclub.com\/es\/\",\"logo\":{\"@type\":\"ImageObject\",\"inLanguage\":\"es\",\"@id\":\"https:\/\/artossportsclub.com\/es\/#\/schema\/logo\/image\/\",\"url\":\"https:\/\/artossportsclub.com\/wp-content\/uploads\/sites\/30\/2022\/01\/logo-artos-horitzontal-online-web-desktop.png\",\"contentUrl\":\"https:\/\/artossportsclub.com\/wp-content\/uploads\/sites\/30\/2022\/01\/logo-artos-horitzontal-online-web-desktop.png\",\"width\":210,\"height\":59,\"caption\":\"Art\u00f3s Sports Club\"},\"image\":{\"@id\":\"https:\/\/artossportsclub.com\/es\/#\/schema\/logo\/image\/\"}}]}<\/script>\n<!-- \/ Yoast SEO plugin. -->","yoast_head_json":{"title":"Ranking Play - Ahora, cada partido cuenta! - Art\u00f3s Sports Club","description":"Llega el Ranking Play, un nuevo sistema de clasificaci\u00f3n para todos aquellos que quieran jugar partidas abiertas en nuestras pistas.","robots":{"index":"index","follow":"follow","max-snippet":"max-snippet:-1","max-image-preview":"max-image-preview:large","max-video-preview":"max-video-preview:-1"},"canonical":"https:\/\/artossportsclub.com\/es\/ranking-play\/","og_locale":"es_ES","og_type":"article","og_title":"Ranking Play - Ahora, cada partido cuenta! - Art\u00f3s Sports Club","og_description":"Llega el Ranking Play, un nuevo sistema de clasificaci\u00f3n para todos aquellos que quieran jugar partidas abiertas en nuestras pistas.","og_url":"https:\/\/artossportsclub.com\/es\/ranking-play\/","og_site_name":"Artos","article_modified_time":"2026-03-16T08:31:30+00:00","twitter_card":"summary_large_image","twitter_misc":{"Tiempo de lectura":"1 minuto"},"schema":{"@context":"https:\/\/schema.org","@graph":[{"@type":"WebPage","@id":"https:\/\/artossportsclub.com\/es\/ranking-play\/","url":"https:\/\/artossportsclub.com\/es\/ranking-play\/","name":"Ranking Play - Ahora, cada partido cuenta! - Art\u00f3s Sports Club","isPartOf":{"@id":"https:\/\/artossportsclub.com\/es\/#website"},"datePublished":"2021-05-25T13:56:36+00:00","dateModified":"2026-03-16T08:31:30+00:00","description":"Llega el Ranking Play, un nuevo sistema de clasificaci\u00f3n para todos aquellos que quieran jugar partidas abiertas en nuestras pistas.","breadcrumb":{"@id":"https:\/\/artossportsclub.com\/es\/ranking-play\/#breadcrumb"},"inLanguage":"es","potentialAction":[{"@type":"ReadAction","target":["https:\/\/artossportsclub.com\/es\/ranking-play\/"]}]},{"@type":"BreadcrumbList","@id":"https:\/\/artossportsclub.com\/es\/ranking-play\/#breadcrumb","itemListElement":[{"@type":"ListItem","position":1,"name":"Portada","item":"https:\/\/artossportsclub.com\/es\/"},{"@type":"ListItem","position":2,"name":"Ranking Play &#8211; Actualiza tu nivel"}]},{"@type":"WebSite","@id":"https:\/\/artossportsclub.com\/es\/#website","url":"https:\/\/artossportsclub.com\/es\/","name":"Artos","description":"Art\u00f3s Sports Club - El teu centre de p\u00e0del i tennis a Sarri\u00e0","publisher":{"@id":"https:\/\/artossportsclub.com\/es\/#organization"},"potentialAction":[{"@type":"SearchAction","target":{"@type":"EntryPoint","urlTemplate":"https:\/\/artossportsclub.com\/es\/?s={search_term_string}"},"query-input":{"@type":"PropertyValueSpecification","valueRequired":true,"valueName":"search_term_string"}}],"inLanguage":"es"},{"@type":"Organization","@id":"https:\/\/artossportsclub.com\/es\/#organization","name":"Art\u00f3s Sports Club","url":"https:\/\/artossportsclub.com\/es\/","logo":{"@type":"ImageObject","inLanguage":"es","@id":"https:\/\/artossportsclub.com\/es\/#\/schema\/logo\/image\/","url":"https:\/\/artossportsclub.com\/wp-content\/uploads\/sites\/30\/2022\/01\/logo-artos-horitzontal-online-web-desktop.png","contentUrl":"https:\/\/artossportsclub.com\/wp-content\/uploads\/sites\/30\/2022\/01\/logo-artos-horitzontal-online-web-desktop.png","width":210,"height":59,"caption":"Art\u00f3s Sports Club"},"image":{"@id":"https:\/\/artossportsclub.com\/es\/#\/schema\/logo\/image\/"}}]}},"_links":{"self":[{"href":"https:\/\/artossportsclub.com\/es\/wp-json\/wp\/v2\/pages\/8072","targetHints":{"allow":["GET"]}}],"collection":[{"href":"https:\/\/artossportsclub.com\/es\/wp-json\/wp\/v2\/pages"}],"about":[{"href":"https:\/\/artossportsclub.com\/es\/wp-json\/wp\/v2\/types\/page"}],"author":[{"embeddable":true,"href":"https:\/\/artossportsclub.com\/es\/wp-json\/wp\/v2\/users\/4"}],"replies":[{"embeddable":true,"href":"https:\/\/artossportsclub.com\/es\/wp-json\/wp\/v2\/comments?post=8072"}],"version-history":[{"count":1,"href":"https:\/\/artossportsclub.com\/es\/wp-json\/wp\/v2\/pages\/8072\/revisions"}],"predecessor-version":[{"id":33641,"href":"https:\/\/artossportsclub.com\/es\/wp-json\/wp\/v2\/pages\/8072\/revisions\/33641"}],"wp:attachment":[{"href":"https:\/\/artossportsclub.com\/es\/wp-json\/wp\/v2\/media?parent=8072"}],"curies":[{"name":"wp","href":"https:\/\/api.w.org\/{rel}","templated":true}]}}